{"id":2786,"date":"2024-09-12T11:37:13","date_gmt":"2024-09-12T09:37:13","guid":{"rendered":"https:\/\/armionline.net\/?page_id=2786"},"modified":"2024-12-05T18:51:22","modified_gmt":"2024-12-05T16:51:22","slug":"condizioni-generali-del-servizio","status":"publish","type":"page","link":"https:\/\/armionline.net\/en\/condizioni-generali-del-servizio\/","title":{"rendered":"General Conditions of Service"},"content":{"rendered":"<h2 class=\"wp-block-heading\">General Conditions of Service<\/h2>\n\n\n\n<p>1. Contenuto del Servizio<\/p>\n\n\n\n<p>ARMIONLINE.NET mette a disposizione degli utenti che intendano avvalersene un servizio (da ora in poi il &#8220;Servizio&#8221;) web based che consente di pubblicare e consultare annunci e inserzioni di soggetti privati o professionali che intendano alienare o acquistare beni o prestare e ricevere servizi. Il Servizio consente altres\u00ec agli utenti inserzionisti ed agli utenti interessati a quanto pubblicato di entrare in contatto tra di loro.<\/p>\n\n\n\n<p>2.&nbsp;Titolarit\u00e0 della piattaforma<\/p>\n\n\n\n<p>Marco Vendramini (VNDMRC88L13G888N) (nel seguito il \u201cTitolare\u201d) \u00e8 l&#8217;unico titolare della piattaforma web ARMIONLINE.NET per il tramite della quale viene gestito il Servizio nonch\u00e9 di tutti i relativi diritti inerenti e conseguenti allo sfruttamento della piattaforma medesima.<\/p>\n\n\n\n<p>3.&nbsp;Applicabilit\u00e0 delle condizioni<\/p>\n\n\n\n<p>Le presenti \u201cCondizioni Generali del Servizio\u201d si applicano sia agli utenti che utilizzino il Servizio in consultazione degli annunci pubblicati sia agli utenti inserzionisti privati o professionali (d\u2018ora in poi collettivamente \u201cUtente\/i\u201d).<\/p>\n\n\n\n<p>4. Termini per l&#8217;uso del Servizio<\/p>\n\n\n\n<p>L\u2019utilizzo del Servizio \u00e8 consentito solo ad utenti maggiorenni secondo la legge italiana (maggiori di anni 18). L&#8217;utilizzo del Servizio consente la libera consultazione degli annunci e la pubblicazione di inserzioni e la creazione di utenze finalizzate all&#8217;utilizzo del servizio medesimo. Talune funzionalit\u00e0 specifiche del Servizio, l&#8217;inserzione in specifiche categorie merceologiche e le inserzioni ulteriori rispetto alle soglie fissate per talune categorie potranno essere messe a disposizione solamente a pagamento cos\u00ec come da specifiche condizioni di contratto relative ai servizi medesimi. Le relazioni intrattenute tra gli utenti del Servizio, incluso l&#8217;acquisto, lo scambio di informazioni, anche per il tramite del form di risposta all\u2019annuncio, la consegna o il pagamento di beni o servizi, avvengono esclusivamente tra utenti senza che il Titolare sia parte della relazione. L&#8217;utenza si impegna, altres\u00ec, a non fare utilizzo improprio dei contatti presenti a qualunque titolo sulla piattaforma. A titolo esemplificativo ma non esaustivo \u00e8 vietato l&#8217;invio di pubblicit\u00e0, materiale promozionale o qualsiasi altra forma di sollecitazione non autorizzata o non richiesta tramite e-mail o con qualsiasi altro metodo di contatto. Gli utenti manterranno la titolarit\u00e0 di tutti diritti di propriet\u00e0 relativi a video, fotografie, fermo immagini, audio o altro materiale (di seguito, le \u201cRiproduzioni\u201d) che il Titolare ha consentito agli stessi di pubblicare sul proprio sito. Fermo restando quanto precede, l\u2019Utente concede al Titolare una licenza non esclusiva, gratuita, perpetua, trasferibile, irrevocabile e senza limiti di territorio, per utilizzare (anche in combinazione con altri materiali audio e\/o video e\/o fotografici) e, dunque, fissare, all\u2019interno del sito e\/o su ogni altro mezzo (sia esso digitale, elettronico o cartaceo), riprodurre, modificare, adattare, tradurre, distribuire, pubblicare, visualizzare, riprodurre in pubblico le Riproduzioni dell\u2019Utente, impegnandosi peraltro a non opporsi alla pubblicazione, utilizzo, modifica, cancellazione e sfruttamento delle Riproduzioni da parte del Titolare. Con l\u2019utilizzo del Servizio, gli utenti si assumono l\u2019esclusiva responsabilit\u00e0 circa il diritto di utilizzo delle Riproduzioni pubblicate dagli stessi sul sito, manlevando e tenendo indenne il Titolare da qualsiasi pretesa e\/o richiesta di risarcimento formulata da soggetti terzi a fronte della violazione dei diritti di quest\u2019ultimi. Al momento della registrazione sul sito da parte dell\u2019Utente, quest\u2019ultimo sar\u00e0 tenuto a fornire i propri dati anagrafici reali senza ricorrere all&#8217;utilizzo di indirizzi email temporanei o alias (ovvero indirizzi associati al proprio indirizzo email dal quale per\u00f2 non \u00e8 possibile inviare email ma solo riceverle). Resta espressamente inteso che, in caso di mancata osservanza delle disposizioni della presente clausola da parte dell\u2019Utente, il Titolare sar\u00e0 considerato liberato dell\u2019onere di fornire taluni servizi di assistenza allo stesso, essendo questa impossibilitata alla verifica della corrispondenza utente-email.<\/p>\n\n\n\n<p>5. Responsabilit\u00e0 dell&#8217;utente<\/p>\n\n\n\n<p>L&#8217;utente \u00e8 totalmente ed esclusivamente responsabile dell&#8217;uso del Servizio (da intendersi espressamente con riguardo alle funzioni di pubblicazione, di consultazione, di gestione delle inserzioni e di contatto tra utenti) ed \u00e8 pertanto l&#8217;unico garante e responsabile dei beni e dei servizi offerti per il tramite del Servizio nonch\u00e9 della correttezza, completezza e liceit\u00e0 delle inserzioni e del proprio comportamento nell&#8217;ambito del contatto tra utenti. L&#8217;Utente garantisce la disponibilit\u00e0 e\/o la titolarit\u00e0 del bene\/servizio oggetto delle inserzioni medesime. L&#8217;Utente garantisce altres\u00ec che i propri annunci non violano alcun diritto d&#8217;autore n\u00e9 diritto di propriet\u00e0 industriale n\u00e9 altro diritto di terzi. In caso di contestazione da parte di terzi riguardo a qualsiasi annuncio o condotta ad esso legata, l&#8217;utente se ne assume la piena responsabilit\u00e0 e si impegna a tenere manlevata e indenne il Titolare da qualsiasi danno, perdita o spesa. L&#8217;Utente si impegna ad utilizzare il form di risposta all\u2019annuncio al solo scopo di prendere contatto e scambiare informazioni con gli altri utenti relativamente agli annunci, utilizzando un linguaggio consono, nel rispetto della legge, dell\u2019etica e della netiquette. In ogni caso, l&#8217;Utente si impegna a rispettare con qualsiasi interlocutore le norme di buona educazione e l&#8217;utilizzo di un linguaggio consono, sia online sia offline. Il Titolare si riserva in ogni momento di adire le competenti autorit\u00e0, qualora dovesse ravvisare, nelle comunicazioni nei confronti del proprio personale, contenuti illeciti, ingiuriosi, minacce o calunnie. L&#8217;Utente, inoltre, si assume ogni responsabilit\u00e0 per eventuali danni che possano derivare al suo sistema informatico dall&#8217;uso del Servizio o a quello di terzi. Resta infine inteso che ogni eventuale utilizzo di robot, spider, scraper e\/o ulteriori strumenti automatici per accedere al sito e\/o per estrapolare i relativi dati, contenuti, informazioni \u00e8 espressamente vietato.<\/p>\n\n\n\n<p>6. Limitazione di responsabilit\u00e0<\/p>\n\n\n\n<p>Il Titolare non presta alcuna garanzia circa il contenuto, la completezza e la correttezza delle inserzioni pubblicate n\u00e9 con riguardo ai dati pubblicati, n\u00e9 relativamente alle informazioni successivamente fornite dall\u2019utente, n\u00e9 con riferimento al numero o alla qualit\u00e0 dei risultati ottenuti tramite il Servizio. In ogni caso il Titolare si riserva, in qualsiasi momento, il diritto di valutare, approvare, eliminare o impedire l&#8217;inserzione ovvero il diritto di inibire la consultazione o il contatto per il tramite del form di risposta all\u2019annuncio nel caso in cui l&#8217;uso del Servizio da parte dell\u2019Utente possa considerarsi lesivo di diritti o di prerogative del Titolare o di terzi. Resta inteso che anche in caso di valutazione ed approvazione delle inserzioni (siano esse automatiche o manuali) il Titolare non presta alcuna garanzia circa il contenuto, la completezza e la correttezza delle stesse. Il Titolare \u00e8 altres\u00ec estraneo alle trattative eventualmente nascenti dall&#8217;uso del Servizio e pertanto non garantisce n\u00e9 la bont\u00e0 n\u00e9 l&#8217;esito delle stesse, di conseguenza nessuna richiesta di restituzione, compensazione, riparazione e\/o risarcimento a qualunque titolo potr\u00e0 essere indirizzata nei confronti del Titolare. Si precisa inoltre che il Titolare non \u00e8 responsabile, a titolo meramente esemplificativo, della veridicit\u00e0, correttezza, completezza, del rispetto dei diritti di propriet\u00e0 intellettuale e\/o industriale, n\u00e9 risponde della loro eventuale contrariet\u00e0 all\u2019ordine pubblico, al buon costume e\/o alla morale. Nel caso di segnalazioni di violazioni rispetto a quanto sopra si prega di consultare quanto indicato nel paragrafo \u201c11 \u2013 Reclami\u201d.<\/p>\n\n\n\n<p>7. Limitazioni nell&#8217;erogazione del Servizio<\/p>\n\n\n\n<p>Nell\u2019evento in cui l\u2019Utente violi le regole editoriali della piattaforma (vedi \u201cRegole di pubblicazione\u201d) il Titolare si riserva il diritto di modificare, sospendere o interrompere, in tutto o in parte, il Servizio in qualsiasi momento anche senza preavviso, inoltrando all\u2019Utente le motivazioni sottese a tale decisione come da normativa vigente. In via esemplificativa e non esaustiva, il Titolare sospender\u00e0 il Servizio laddove (i) l\u2019Utente venda un articolo non realmente posseduto; (ii) l\u2019Utente venda un articolo contraffatto ovvero non originale; (ii) i contenuti inseriti dall\u2019Utente risultino contrari alle regole all\u2019ordine pubblico o al buon costume (e.g. contenuti che incitano all\u2019odio, ingiuriosi o atti a porre in pericolo la vita o la salute delle persone). Il Titolate si riserva il diritto alla rubricazione degli annunci in una delle categorie merceologiche previste all\u2019interno della propria piattaforma internet, anche in difformit\u00e0 dalle richieste dell\u2019Utente, offrendone successivamente comunicazione anche solo mediante messaggio di posta elettronica. Il Titolare si riserva altres\u00ec il diritto di indicare alla propria utenza quando gli annunci sono oggetto di spontanea segnalazione da parte degli utenti e\/o dell\u2019autorit\u00e0 giudiziarie che lamentino la violazione delle regole e\/o delle \u201cCondizioni Generali del Servizio\u201d e\/o della normativa di riferimento. Resta inteso che la predetta segnalazione \u00e8 eventuale e non vuole sostituirsi al giudizio del cliente che consulta le inserzioni, n\u00e9 garantisce la bont\u00e0 o meno delle stesse. Ogni valutazione riguardo alla possibile integrazione di una fattispecie illecita da parte dell\u2019annuncio\/inserzionista segnalato \u00e8 rimessa all\u2019autorit\u00e0 competente.<\/p>\n\n\n\n<p>8. Pubblicazione seriale di annunci e\/o per conto terzi<\/p>\n\n\n\n<p>E\u2019 espressamente vietato, salvo esplicita autorizzazione da parte del Titolare: l&#8217;utilizzo di sistemi automatici di caricamento annunci; la pubblicazione seriale e\/o la gestione di annunci per conto terzi con ogni mezzo o modalit\u00e0; rivendere a terzi i servizi della piattaforma. Al raggiungimento di soglie predeterminate di inserimento degli annunci, variabili in base alle direttive del Titolare, l&#8217;Utente non potr\u00e0 inserire ulteriori annunci.<\/p>\n\n\n\n<p>Si riportano di seguito le soglie di pubblicazione degli annunci: limite generale per Tutte le categorie di numero 30 annunci ogni 30 giorni.<\/p>\n\n\n\n<p>9. Limitazioni al contenuto delle pubblicazioni ed informazioni connesse al profilo dell&#8217;utente<\/p>\n\n\n\n<p>L&#8217;Utente si impegna a non falsificare la propria identit\u00e0 ed a rispettare tutte le disposizioni di legge vigenti nonch\u00e9 le \u201cRegole di pubblicazione\u201d, che a tal fine l\u2019utente accetta e riconosce di dover visionare prima dell\u2019inserimento di ogni annuncio o di prendere contatto con un altro utente per il tramite del form di risposta o la funzione di messaggistica della piattaforma. L&#8217;Utente si impegna altres\u00ec, a non utilizzare il Servizio per la pubblicazione, trasmissione, scambio di materiale illecito, volgare, osceno, calunnioso, diffamatorio, offensivo della morale corrente, o, comunque, lesivo dei diritti altrui o di messaggi incitanti all&#8217;odio ed alla discriminazione razziale o religioso. Inoltre, l&#8217;utente si impegna a non utilizzare il Servizio in maniera tale da violare diritti di propriet\u00e0 intellettuale o industriale del Titolare o di terzi. L\u2019Utente prende atto ed accetta che il Servizio richieder\u00e0, per finalit\u00e0 di revisione e sicurezza, il completamento di una specifica procedura di identificazione prima di procedere alla pubblicazione degli annunci o per accedere al Servizio e\/o continuare ad usufruire dello stesso. A tal proposito l&#8217;Utente prende atto e accetta che ogni annuncio inserito riporter\u00e0 obbligatoriamente in chiaro alcune delle informazioni identificative relative all\u2019Utente.<\/p>\n\n\n\n<p><em>10. Valutazione dell&#8217;utente (attualmente non disponibile)<\/em><\/p>\n\n\n\n<p><em>Ciascun Utente, a seguito di una transazione conclusa attraverso la piattaforma, pu\u00f2 recensire un altro utente e lasciare un proprio commento. La valutazione sull\u2019utente \u00e8 finalizzata ad esprimere un giudizio sulle modalit\u00e0 con cui \u00e8 avvenuta la transazione e a segnalare l&#8217;esito positivo o negativo della stessa. In considerazione di quanto sopra, non \u00e8 possibile lasciare la propria valutazione nei confronti di utenti con cui l\u2019Utente non ha concluso alcuna transazione. L\u2019Utente che acquista \u00e8 libero di raccomandare o meno l\u2019utente inserzionista dopo ogni transazione e viceversa. La valutazione sar\u00e0 pubblicata solo nel momento in cui entrambe le parti avranno concluso la propria valutazione o, in alternativa, allo scadere di un periodo di 14 giorni dalla prima notifica di richiesta di valutazione dell\u2019utente. La pubblicazione delle valutazioni degli utenti avviene entro un massimo di 30 giorni dalla conclusione della transazione. Il numero e la media delle valutazioni nonch\u00e9 gli eventuali commenti lasciati dagli utenti, saranno pubblicati in ordine cronologico e mostrati in corrispondenza al profilo dell\u2019utente e ai rispettivi annunci. In corrispondenza del profilo utente sar\u00e0 inoltre visualizzabile il numero di transazioni completate tramite la piattaforma. Nel caso in cui l\u2019utente dovesse cancellare il proprio account, il nome di tale utente non sar\u00e0 pi\u00f9 visibile nelle valutazioni, ma apparir\u00e0 l\u2019indicazione che la valutazione proviene da un utente cancellato. Ogni eventuale commento di tale utente verr\u00e0 rimosso definitivamente e non sar\u00e0 pertanto pi\u00f9 disponibile. Il Titolare si riserva la facolt\u00e0 di controllare o moderare contenuti palesemente offensivi afferenti alle valutazioni prima o dopo la loro pubblicazione. L\u2019Utente resta in ogni caso responsabile dei contenuti inseriti e pubblicati e ha l\u2019obbligo di conformarsi alle presenti \u201cCondizioni Generali del Servizio\u201d nonch\u00e9 al rispetto della netiquette. Il Titolare pu\u00f2, in ogni caso, intervenire sulla base delle segnalazioni effettuate dagli utenti e rimuovere i contenuti offensivi, illeciti e non veritieri. Parimenti ha il diritto di intervenire su recensioni e contenuti ritenuti non pertinenti con la transazione avvenuta ovvero discordanti con quanto effettivamente emerso e\/o riportato. E\u2019 espressamente vietato qualsiasi compenso in cambio di apprezzamenti e\/o valutazioni positive a favore di altri utenti.<\/em><\/p>\n\n\n\n<p>11. Reclami<\/p>\n\n\n\n<p>Laddove un Utente ritenga che vi siano dei contenuti illeciti o contrari al buon costumo pubblicati all\u2019interno della piattaforma, lo stesso potr\u00e0 segnalare il fatto al Titolare per mezzo degli appositi contatti presenti sulla piattaforma. L\u2019Utente dovr\u00e0 motivare la segnalazione con sufficiente precisione e adeguatezza e, in particolare, fornire gli elementi richiesti dal Titolare nel corso del processo di segnalazione, dichiarando peraltro che tale azione viene effettuata in buona fede. Se la segnalazione contiene i dati di contatto elettronici dell\u2019Utente, il Titolare provveder\u00e0 ad inviare la relativa conferma di ricezione. L&#8217;identit\u00e0 dell\u2019utente segnalante verr\u00e0 divulgata solo in caso di assoluta necessit\u00e0. Resta inteso che sono consentiti altri canali di segnalazione anonima solamente nelle ipotesi previste dalle normative vigenti. Il Titolare proceder\u00e0 a verificare la segnalazione, decidendo sulla medesima tempestivamente e con imparzialit\u00e0. In seguito a tale verifica, il Titolare provveder\u00e0 ad informare l\u2019utente segnalato nonch\u00e9 l\u2019utente segnalante circa la propria decisione.<\/p>\n\n\n\n<p>12. Giurisdizione, legge applicabile e foro competente<\/p>\n\n\n\n<p>I rapporti tra il titolare e gli Utenti sono regolati dalla legge e dalla giurisdizione italiana, in base alla quale anche le presenti \u201cCondizioni Generali del Servizio\u201d dovranno essere interpretate. Salvo quanto disposto da norme di legge non derogabili, il Tribunale di Pordenone sar\u00e0 competente in via esclusiva a dirimere ogni controversia riguardante le presenti Condizioni Generali ed i rapporti dalle stesse regolati.<\/p>\n\n\n\n<p>13. Modifiche<\/p>\n\n\n\n<p>Le presenti condizioni potrebbero essere soggette a modifiche. In caso di sostanziali modifiche, il Titolare avviser\u00e0 gli utenti pubblicandole con la massima evidenza sulle proprie pagine o tramite email o altro mezzo di comunicazione.<\/p>\n\n\n\n<p>01\/10\/2024, AOL<\/p>","protected":false},"excerpt":{"rendered":"<p>Condizioni Generali del Servizio 1. Contenuto del Servizio ARMIONLINE.NET mette a disposizione degli utenti che intendano avvalersene un servizio (da ora in poi il &#8220;Servizio&#8221;) web based che consente di pubblicare e consultare annunci e inserzioni di soggetti privati o professionali che intendano alienare o acquistare beni o prestare e ricevere servizi. Il Servizio consente<\/p>","protected":false},"author":1,"featured_media":0,"parent":0,"menu_order":0,"comment_status":"closed","ping_status":"closed","template":"","meta":{"_rtcl_gb_attr":"","footnotes":""},"class_list":["post-2786","page","type-page","status-publish","hentry"],"yoast_head":"<!-- This site is optimized with the Yoast SEO plugin v27.2 - https:\/\/yoast.com\/product\/yoast-seo-wordpress\/ -->\n<title>| armionline.net<\/title>\n<meta name=\"robots\" content=\"index, follow, max-snippet:-1, max-image-preview:large, max-video-preview:-1\" \/>\n<link rel=\"canonical\" href=\"https:\/\/armionline.net\/en\/condizioni-generali-del-servizio\/\" \/>\n<meta property=\"og:locale\" content=\"en_US\" \/>\n<meta property=\"og:type\" content=\"article\" \/>\n<meta property=\"og:title\" content=\"| armionline.net\" \/>\n<meta property=\"og:description\" content=\"Condizioni Generali del Servizio 1. Contenuto del Servizio ARMIONLINE.NET mette a disposizione degli utenti che intendano avvalersene un servizio (da ora in poi il &#8220;Servizio&#8221;) web based che consente di pubblicare e consultare annunci e inserzioni di soggetti privati o professionali che intendano alienare o acquistare beni o prestare e ricevere servizi. Il Servizio consente\" \/>\n<meta property=\"og:url\" content=\"https:\/\/armionline.net\/en\/condizioni-generali-del-servizio\/\" \/>\n<meta property=\"og:site_name\" content=\"armionline.net\" \/>\n<meta property=\"article:modified_time\" content=\"2024-12-05T16:51:22+00:00\" \/>\n<meta property=\"og:image\" content=\"https:\/\/armionline.net\/wp-content\/uploads\/2024\/09\/logo-Esteso.png\" \/>\n\t<meta property=\"og:image:width\" content=\"1046\" \/>\n\t<meta property=\"og:image:height\" content=\"164\" \/>\n\t<meta property=\"og:image:type\" content=\"image\/png\" \/>\n<meta name=\"twitter:card\" content=\"summary_large_image\" \/>\n<meta name=\"twitter:label1\" content=\"Est. reading time\" \/>\n\t<meta name=\"twitter:data1\" content=\"13 minutes\" \/>\n<script type=\"application\/ld+json\" class=\"yoast-schema-graph\">{\"@context\":\"https:\/\/schema.org\",\"@graph\":[{\"@type\":\"WebPage\",\"@id\":\"https:\/\/armionline.net\/condizioni-generali-del-servizio\/\",\"url\":\"https:\/\/armionline.net\/condizioni-generali-del-servizio\/\",\"name\":\"| armionline.net\",\"isPartOf\":{\"@id\":\"https:\/\/armionline.net\/#website\"},\"datePublished\":\"2024-09-12T09:37:13+00:00\",\"dateModified\":\"2024-12-05T16:51:22+00:00\",\"breadcrumb\":{\"@id\":\"https:\/\/armionline.net\/condizioni-generali-del-servizio\/#breadcrumb\"},\"inLanguage\":\"en-US\",\"potentialAction\":[{\"@type\":\"ReadAction\",\"target\":[\"https:\/\/armionline.net\/condizioni-generali-del-servizio\/\"]}]},{\"@type\":\"BreadcrumbList\",\"@id\":\"https:\/\/armionline.net\/condizioni-generali-del-servizio\/#breadcrumb\",\"itemListElement\":[{\"@type\":\"ListItem\",\"position\":1,\"name\":\"Home\",\"item\":\"https:\/\/armionline.net\/\"},{\"@type\":\"ListItem\",\"position\":2,\"name\":\"Condizioni Generali del Servizio\"}]},{\"@type\":\"WebSite\",\"@id\":\"https:\/\/armionline.net\/#website\",\"url\":\"https:\/\/armionline.net\/\",\"name\":\"armionline.net\",\"description\":\"Il sito di annunci di vendita di armi per privati e armerie. Pubblica o trova annunci di armi usate, armi nuove, ottiche, accessori, ricarica e altro.\",\"publisher\":{\"@id\":\"https:\/\/armionline.net\/#organization\"},\"potentialAction\":[{\"@type\":\"SearchAction\",\"target\":{\"@type\":\"EntryPoint\",\"urlTemplate\":\"https:\/\/armionline.net\/?s={search_term_string}\"},\"query-input\":{\"@type\":\"PropertyValueSpecification\",\"valueRequired\":true,\"valueName\":\"search_term_string\"}}],\"inLanguage\":\"en-US\"},{\"@type\":\"Organization\",\"@id\":\"https:\/\/armionline.net\/#organization\",\"name\":\"armionline.net\",\"url\":\"https:\/\/armionline.net\/\",\"logo\":{\"@type\":\"ImageObject\",\"inLanguage\":\"en-US\",\"@id\":\"https:\/\/armionline.net\/#\/schema\/logo\/image\/\",\"url\":\"https:\/\/armionline.net\/wp-content\/uploads\/2024\/09\/logo-AOL-ridotto.png\",\"contentUrl\":\"https:\/\/armionline.net\/wp-content\/uploads\/2024\/09\/logo-AOL-ridotto.png\",\"width\":180,\"height\":71,\"caption\":\"armionline.net\"},\"image\":{\"@id\":\"https:\/\/armionline.net\/#\/schema\/logo\/image\/\"}}]}<\/script>\n<!-- \/ Yoast SEO plugin. -->","yoast_head_json":{"title":"| armionline.net","robots":{"index":"index","follow":"follow","max-snippet":"max-snippet:-1","max-image-preview":"max-image-preview:large","max-video-preview":"max-video-preview:-1"},"canonical":"https:\/\/armionline.net\/en\/condizioni-generali-del-servizio\/","og_locale":"en_US","og_type":"article","og_title":"| armionline.net","og_description":"Condizioni Generali del Servizio 1. Contenuto del Servizio ARMIONLINE.NET mette a disposizione degli utenti che intendano avvalersene un servizio (da ora in poi il &#8220;Servizio&#8221;) web based che consente di pubblicare e consultare annunci e inserzioni di soggetti privati o professionali che intendano alienare o acquistare beni o prestare e ricevere servizi. Il Servizio consente","og_url":"https:\/\/armionline.net\/en\/condizioni-generali-del-servizio\/","og_site_name":"armionline.net","article_modified_time":"2024-12-05T16:51:22+00:00","og_image":[{"width":1046,"height":164,"url":"https:\/\/armionline.net\/wp-content\/uploads\/2024\/09\/logo-Esteso.png","type":"image\/png"}],"twitter_card":"summary_large_image","twitter_misc":{"Est. reading time":"13 minutes"},"schema":{"@context":"https:\/\/schema.org","@graph":[{"@type":"WebPage","@id":"https:\/\/armionline.net\/condizioni-generali-del-servizio\/","url":"https:\/\/armionline.net\/condizioni-generali-del-servizio\/","name":"| armionline.net","isPartOf":{"@id":"https:\/\/armionline.net\/#website"},"datePublished":"2024-09-12T09:37:13+00:00","dateModified":"2024-12-05T16:51:22+00:00","breadcrumb":{"@id":"https:\/\/armionline.net\/condizioni-generali-del-servizio\/#breadcrumb"},"inLanguage":"en-US","potentialAction":[{"@type":"ReadAction","target":["https:\/\/armionline.net\/condizioni-generali-del-servizio\/"]}]},{"@type":"BreadcrumbList","@id":"https:\/\/armionline.net\/condizioni-generali-del-servizio\/#breadcrumb","itemListElement":[{"@type":"ListItem","position":1,"name":"Home","item":"https:\/\/armionline.net\/"},{"@type":"ListItem","position":2,"name":"Condizioni Generali del Servizio"}]},{"@type":"WebSite","@id":"https:\/\/armionline.net\/#website","url":"https:\/\/armionline.net\/","name":"armionline.net","description":"Il sito di annunci di vendita di armi per privati e armerie. Pubblica o trova annunci di armi usate, armi nuove, ottiche, accessori, ricarica e altro.","publisher":{"@id":"https:\/\/armionline.net\/#organization"},"potentialAction":[{"@type":"SearchAction","target":{"@type":"EntryPoint","urlTemplate":"https:\/\/armionline.net\/?s={search_term_string}"},"query-input":{"@type":"PropertyValueSpecification","valueRequired":true,"valueName":"search_term_string"}}],"inLanguage":"en-US"},{"@type":"Organization","@id":"https:\/\/armionline.net\/#organization","name":"armionline.net","url":"https:\/\/armionline.net\/","logo":{"@type":"ImageObject","inLanguage":"en-US","@id":"https:\/\/armionline.net\/#\/schema\/logo\/image\/","url":"https:\/\/armionline.net\/wp-content\/uploads\/2024\/09\/logo-AOL-ridotto.png","contentUrl":"https:\/\/armionline.net\/wp-content\/uploads\/2024\/09\/logo-AOL-ridotto.png","width":180,"height":71,"caption":"armionline.net"},"image":{"@id":"https:\/\/armionline.net\/#\/schema\/logo\/image\/"}}]}},"_links":{"self":[{"href":"https:\/\/armionline.net\/en\/wp-json\/wp\/v2\/pages\/2786","targetHints":{"allow":["GET"]}}],"collection":[{"href":"https:\/\/armionline.net\/en\/wp-json\/wp\/v2\/pages"}],"about":[{"href":"https:\/\/armionline.net\/en\/wp-json\/wp\/v2\/types\/page"}],"author":[{"embeddable":true,"href":"https:\/\/armionline.net\/en\/wp-json\/wp\/v2\/users\/1"}],"replies":[{"embeddable":true,"href":"https:\/\/armionline.net\/en\/wp-json\/wp\/v2\/comments?post=2786"}],"version-history":[{"count":18,"href":"https:\/\/armionline.net\/en\/wp-json\/wp\/v2\/pages\/2786\/revisions"}],"predecessor-version":[{"id":10816,"href":"https:\/\/armionline.net\/en\/wp-json\/wp\/v2\/pages\/2786\/revisions\/10816"}],"wp:attachment":[{"href":"https:\/\/armionline.net\/en\/wp-json\/wp\/v2\/media?parent=2786"}],"curies":[{"name":"wp","href":"https:\/\/api.w.org\/{rel}","templated":true}]}}